{"id":2420,"date":"2021-02-02T15:03:22","date_gmt":"2021-02-02T14:03:22","guid":{"rendered":"https:\/\/qika.org\/?page_id=2420"},"modified":"2023-07-20T13:38:02","modified_gmt":"2023-07-20T12:38:02","slug":"home","status":"publish","type":"page","link":"https:\/\/qika.org\/en\/","title":{"rendered":"Home"},"content":{"rendered":"","protected":false},"excerpt":{"rendered":"","protected":false},"author":2,"featured_media":0,"parent":0,"menu_order":1,"comment_status":"closed","ping_status":"closed","template":"","meta":{"_acf_changed":false,"inline_featured_image":false,"footnotes":""},"class_list":["post-2420","page","type-page","status-publish","hentry"],"acf":[],"yoast_head":"<!-- This site is optimized with the Yoast SEO plugin v23.5 - https:\/\/yoast.com\/wordpress\/plugins\/seo\/ -->\n<title>Home - QIKA<\/title>\n<meta name=\"description\" content=\"Qendra p\u00ebr Informim, Kritik\u00eb dhe Aksion - QIKA \u00ebsht\u00eb organizat\u00eb e themeluar n\u00eb gusht t\u00eb vitit 2020, q\u00eb p\u00ebr q\u00ebllim ka mbrojtjen dhe promovimin e t\u00eb drejtave t\u00eb barabarta p\u00ebr t\u00eb gjith\u00eb qytetar\u00ebt e Republik\u00ebs s\u00eb Kosov\u00ebs.\" \/>\n<meta name=\"robots\" content=\"index, follow, max-snippet:-1, max-image-preview:large, max-video-preview:-1\" \/>\n<link rel=\"canonical\" href=\"https:\/\/qika.org\/en\/\" \/>\n<meta property=\"og:locale\" content=\"en_US\" \/>\n<meta property=\"og:type\" content=\"article\" \/>\n<meta property=\"og:title\" content=\"Home - QIKA\" \/>\n<meta property=\"og:description\" content=\"Qendra p\u00ebr Informim, Kritik\u00eb dhe Aksion - QIKA \u00ebsht\u00eb organizat\u00eb e themeluar n\u00eb gusht t\u00eb vitit 2020, q\u00eb p\u00ebr q\u00ebllim ka mbrojtjen dhe promovimin e t\u00eb drejtave t\u00eb barabarta p\u00ebr t\u00eb gjith\u00eb qytetar\u00ebt e Republik\u00ebs s\u00eb Kosov\u00ebs.\" \/>\n<meta property=\"og:url\" content=\"https:\/\/qika.org\/en\/\" \/>\n<meta property=\"og:site_name\" content=\"QIKA\" \/>\n<meta property=\"article:modified_time\" content=\"2023-07-20T12:38:02+00:00\" \/>\n<meta property=\"og:image\" content=\"https:\/\/qika.org\/wp-content\/uploads\/2021\/02\/qika-logo-1.jpg\" \/>\n\t<meta property=\"og:image:width\" content=\"568\" \/>\n\t<meta property=\"og:image:height\" content=\"440\" \/>\n\t<meta property=\"og:image:type\" content=\"image\/jpeg\" \/>\n<meta name=\"twitter:card\" content=\"summary_large_image\" \/>\n<script type=\"application\/ld+json\" class=\"yoast-schema-graph\">{\"@context\":\"https:\/\/schema.org\",\"@graph\":[{\"@type\":\"WebPage\",\"@id\":\"https:\/\/qika.org\/en\/\",\"url\":\"https:\/\/qika.org\/en\/\",\"name\":\"Home - QIKA\",\"isPartOf\":{\"@id\":\"https:\/\/qika.org\/#website\"},\"datePublished\":\"2021-02-02T14:03:22+00:00\",\"dateModified\":\"2023-07-20T12:38:02+00:00\",\"description\":\"Qendra p\u00ebr Informim, Kritik\u00eb dhe Aksion - QIKA \u00ebsht\u00eb organizat\u00eb e themeluar n\u00eb gusht t\u00eb vitit 2020, q\u00eb p\u00ebr q\u00ebllim ka mbrojtjen dhe promovimin e t\u00eb drejtave t\u00eb barabarta p\u00ebr t\u00eb gjith\u00eb qytetar\u00ebt e Republik\u00ebs s\u00eb Kosov\u00ebs.\",\"breadcrumb\":{\"@id\":\"https:\/\/qika.org\/en\/#breadcrumb\"},\"inLanguage\":\"en-US\",\"potentialAction\":[{\"@type\":\"ReadAction\",\"target\":[\"https:\/\/qika.org\/en\/\"]}]},{\"@type\":\"BreadcrumbList\",\"@id\":\"https:\/\/qika.org\/en\/#breadcrumb\",\"itemListElement\":[{\"@type\":\"ListItem\",\"position\":1,\"name\":\"Home\",\"item\":\"https:\/\/qika.org\/en\/\"},{\"@type\":\"ListItem\",\"position\":2,\"name\":\"Home\"}]},{\"@type\":\"WebSite\",\"@id\":\"https:\/\/qika.org\/#website\",\"url\":\"https:\/\/qika.org\/\",\"name\":\"QIKA\",\"description\":\"Qendra p\u00ebr Informim, Kritik\u00eb dhe Aksion\",\"potentialAction\":[{\"@type\":\"SearchAction\",\"target\":{\"@type\":\"EntryPoint\",\"urlTemplate\":\"https:\/\/qika.org\/?s={search_term_string}\"},\"query-input\":{\"@type\":\"PropertyValueSpecification\",\"valueRequired\":true,\"valueName\":\"search_term_string\"}}],\"inLanguage\":\"en-US\"}]}<\/script>\n<!-- \/ Yoast SEO plugin. -->","yoast_head_json":{"title":"Home - QIKA","description":"Qendra p\u00ebr Informim, Kritik\u00eb dhe Aksion - QIKA \u00ebsht\u00eb organizat\u00eb e themeluar n\u00eb gusht t\u00eb vitit 2020, q\u00eb p\u00ebr q\u00ebllim ka mbrojtjen dhe promovimin e t\u00eb drejtave t\u00eb barabarta p\u00ebr t\u00eb gjith\u00eb qytetar\u00ebt e Republik\u00ebs s\u00eb Kosov\u00ebs.","robots":{"index":"index","follow":"follow","max-snippet":"max-snippet:-1","max-image-preview":"max-image-preview:large","max-video-preview":"max-video-preview:-1"},"canonical":"https:\/\/qika.org\/en\/","og_locale":"en_US","og_type":"article","og_title":"Home - QIKA","og_description":"Qendra p\u00ebr Informim, Kritik\u00eb dhe Aksion - QIKA \u00ebsht\u00eb organizat\u00eb e themeluar n\u00eb gusht t\u00eb vitit 2020, q\u00eb p\u00ebr q\u00ebllim ka mbrojtjen dhe promovimin e t\u00eb drejtave t\u00eb barabarta p\u00ebr t\u00eb gjith\u00eb qytetar\u00ebt e Republik\u00ebs s\u00eb Kosov\u00ebs.","og_url":"https:\/\/qika.org\/en\/","og_site_name":"QIKA","article_modified_time":"2023-07-20T12:38:02+00:00","og_image":[{"width":568,"height":440,"url":"https:\/\/qika.org\/wp-content\/uploads\/2021\/02\/qika-logo-1.jpg","type":"image\/jpeg"}],"twitter_card":"summary_large_image","schema":{"@context":"https:\/\/schema.org","@graph":[{"@type":"WebPage","@id":"https:\/\/qika.org\/en\/","url":"https:\/\/qika.org\/en\/","name":"Home - QIKA","isPartOf":{"@id":"https:\/\/qika.org\/#website"},"datePublished":"2021-02-02T14:03:22+00:00","dateModified":"2023-07-20T12:38:02+00:00","description":"Qendra p\u00ebr Informim, Kritik\u00eb dhe Aksion - QIKA \u00ebsht\u00eb organizat\u00eb e themeluar n\u00eb gusht t\u00eb vitit 2020, q\u00eb p\u00ebr q\u00ebllim ka mbrojtjen dhe promovimin e t\u00eb drejtave t\u00eb barabarta p\u00ebr t\u00eb gjith\u00eb qytetar\u00ebt e Republik\u00ebs s\u00eb Kosov\u00ebs.","breadcrumb":{"@id":"https:\/\/qika.org\/en\/#breadcrumb"},"inLanguage":"en-US","potentialAction":[{"@type":"ReadAction","target":["https:\/\/qika.org\/en\/"]}]},{"@type":"BreadcrumbList","@id":"https:\/\/qika.org\/en\/#breadcrumb","itemListElement":[{"@type":"ListItem","position":1,"name":"Home","item":"https:\/\/qika.org\/en\/"},{"@type":"ListItem","position":2,"name":"Home"}]},{"@type":"WebSite","@id":"https:\/\/qika.org\/#website","url":"https:\/\/qika.org\/","name":"QIKA","description":"Qendra p\u00ebr Informim, Kritik\u00eb dhe Aksion","potentialAction":[{"@type":"SearchAction","target":{"@type":"EntryPoint","urlTemplate":"https:\/\/qika.org\/?s={search_term_string}"},"query-input":{"@type":"PropertyValueSpecification","valueRequired":true,"valueName":"search_term_string"}}],"inLanguage":"en-US"}]}},"_links":{"self":[{"href":"https:\/\/qika.org\/en\/wp-json\/wp\/v2\/pages\/2420","targetHints":{"allow":["GET"]}}],"collection":[{"href":"https:\/\/qika.org\/en\/wp-json\/wp\/v2\/pages"}],"about":[{"href":"https:\/\/qika.org\/en\/wp-json\/wp\/v2\/types\/page"}],"author":[{"embeddable":true,"href":"https:\/\/qika.org\/en\/wp-json\/wp\/v2\/users\/2"}],"replies":[{"embeddable":true,"href":"https:\/\/qika.org\/en\/wp-json\/wp\/v2\/comments?post=2420"}],"version-history":[{"count":11,"href":"https:\/\/qika.org\/en\/wp-json\/wp\/v2\/pages\/2420\/revisions"}],"predecessor-version":[{"id":7198,"href":"https:\/\/qika.org\/en\/wp-json\/wp\/v2\/pages\/2420\/revisions\/7198"}],"wp:attachment":[{"href":"https:\/\/qika.org\/en\/wp-json\/wp\/v2\/media?parent=2420"}],"curies":[{"name":"wp","href":"https:\/\/api.w.org\/{rel}","templated":true}]}}