{"id":6858,"date":"2021-03-23T00:14:52","date_gmt":"2021-03-22T23:14:52","guid":{"rendered":"https:\/\/qika.org\/bashkohu-me-qika\/"},"modified":"2021-03-23T00:14:52","modified_gmt":"2021-03-22T23:14:52","slug":"bashkohu-me-qika","status":"publish","type":"page","link":"https:\/\/qika.org\/en\/bashkohu-me-qika\/","title":{"rendered":"Bashkohu me qika"},"content":{"rendered":"\n<p><strong>Mir\u00eb se vini!<\/strong><\/p>\n\n\n\n<p>Interesimi juaj p\u00ebr t\u2019u bashkuar me QIKA na g\u00ebzon tej mase \ud83d\ude0a<\/p>\n\n\n\n<p>Ne jemi gjithmon\u00eb n\u00eb k\u00ebrkim t\u00eb vajzave dhe djemve q\u00eb d\u00ebshirojn\u00eb t\u00eb angazhohen dhe ndihmojn\u00eb nism\u00ebn ton\u00eb feministe. Kreativiteti dhe energjia juaj do t\u00eb jen\u00eb pik\u00eb thelb\u00ebsore dhe e q\u00ebndrueshme e pun\u00ebs son\u00eb.<\/p>\n\n\n\n<p>N\u00ebse keni d\u00ebshir\u00eb t\u00eb bashk\u00ebpunoni me ne, k\u00ebto jan\u00eb mund\u00ebsit\u00eb q\u00eb ofrojm\u00eb:<\/p>\n\n\n\n<p><strong>Hulumto dhe shkruaj me QIKA<\/strong><\/p>\n\n\n\n<p>N\u00ebse jeni t\u00eb interesuar q\u00eb t\u00eb hulumtoni dhe analizoni zhvillimet shoq\u00ebrore e politike nga perspektiva feministe, ne duam t\u2019iu inkurajojm\u00eb t\u00eb punojm\u00eb s\u00eb bashku.<\/p>\n\n\n\n<p>Ne d\u00ebshirojm\u00eb t\u00eb d\u00ebgjojm\u00eb nga ju ide p\u00ebr hulumtime, intervista, reportazhe, opinione apo ese mbi libra dhe filma q\u00eb kan\u00eb n\u00eb fokus barazin\u00eb gjinore. Kjo form\u00eb e bashk\u00ebpunimit \u00ebsht\u00eb nj\u00eb mund\u00ebsi p\u00ebr t\u00eb gjith\u00eb ju q\u00eb keni d\u00ebshir\u00eb t\u00eb m\u00ebsoni dhe p\u00ebrmir\u00ebsoni shkrimin gazetaresk sepse ne do t\u00eb ofrojm\u00eb mentorim dhe ndihm\u00eb gjat\u00eb gjith\u00eb procesit t\u00eb hulumtimit.<\/p>\n\n\n\n<p>\u00cbsht\u00eb m\u00eb r\u00ebnd\u00ebsi q\u00eb t\u00eb keni menduar mir\u00eb \u00e7\u00ebshtjen q\u00eb planifikoni t\u00eb trajtoni si dhe t\u00eb keni informatat dhe t\u00eb dh\u00ebnat e nevojshme p\u00ebr t\u00eb nisur tek QIKA nj\u00eb propozim konkret. Ne do t\u00eb pranojm\u00eb vet\u00ebm propozimet q\u00eb jan\u00eb n\u00eb p\u00ebrputhje me politikat tona redaktoriale.<strong> <\/strong><em>P\u00ebr t\u00eb propozuar tekste p\u00ebr hulumtim ju lutem plot\u00ebsoni formularin q\u00eb e gjeni n\u00eb k\u00ebt\u00eb <\/em><a href=\"http:\/\/shorturl.at\/pILS2\" target=\"_blank\" rel=\"noreferrer noopener\"><em><strong>veg\u00ebz<\/strong><\/em>.<\/a><\/p>\n\n\n\n<p><strong>P\u00ebrkthe me QIKA<\/strong><\/p>\n\n\n\n<p>Mungesa e teksteve feministe n\u00eb gjuh\u00ebn shqipe shum\u00ebk\u00ebnd e ka privuar nga ekspozimi ndaj teorive dhe zhvillimeve q\u00eb lidhen me problemet e grave sot n\u00eb bot\u00eb. Ne jemi duke u munduar t\u00eb plot\u00ebsojm\u00eb k\u00ebt\u00eb hendek, mir\u00ebpo kapacitetet tona jan\u00eb t\u00eb limitura dhe p\u00ebr k\u00ebt\u00eb k\u00ebrkojm\u00eb kontributin tuaj.<\/p>\n\n\n\n<p>Kushdo q\u00eb vler\u00ebson se mund t\u00eb p\u00ebrkthej tekste, artikuj apo opinione n\u00eb gjuh\u00ebn shqipe, ju lutem t\u00eb na kontaktoni. Tekstet duhet t\u00eb propozohen nga ju dhe t\u00eb jen\u00eb nga burime relevante. <em>P\u00ebr t\u00eb propozuar tekste p\u00ebr p\u00ebrkthim ju lutem plot\u00ebsoni formularin q\u00eb e gjeni n\u00eb k\u00ebt\u00eb<\/em><strong><em> <\/em><\/strong><a href=\"http:\/\/shorturl.at\/lvyCX\" target=\"_blank\" rel=\"noreferrer noopener\"><strong><em>veg\u00ebz<\/em><\/strong>.<\/a><\/p>\n\n\n\n<p><strong>Angazhohu me QIKA<\/strong><\/p>\n\n\n\n<p>Qendra jon\u00eb bashkon n\u00ebn nj\u00eb ombrell\u00eb gazetar\u00eb e aktivist\u00eb t\u00eb interesuar n\u00eb \u00e7\u00ebshtjet gjinore e sociale. Mir\u00ebpo ne synojm\u00eb t\u00eb zgjerohemi \u00e7do dit\u00eb e m\u00eb shum\u00eb, duke rritur k\u00ebshtu numrin e mb\u00ebshtet\u00ebsve dhe aktivist\u00ebve q\u00eb bashkohen n\u00eb aktivitetet tona.<\/p>\n\n\n\n<p>Ne organizojm\u00eb diskutime mujore mbi libra, artikuj, filma dhe dokumentar\u00eb t\u00eb ndrysh\u00ebm q\u00eb trajtojn\u00eb \u00e7\u00ebshtjet gjinore dhe t\u00eb drejtat e njeriut. Poashtu ne realizojm\u00eb aksione simbolike e protestuese n\u00eb hap\u00ebsira publike si reagim ndaj vendimeve diskriminuese t\u00eb institucioneve apo kritik\u00eb ndaj paragjykimeve e miteve n\u00eb shoq\u00ebri. <em>P\u00ebr t\u2019u angazhuar n\u00eb aktivitetet tona ju lutem plot\u00ebsoni formularin q\u00eb e gjeni n\u00eb k\u00ebt\u00eb <\/em><a href=\"http:\/\/shorturl.at\/sGLY9\" target=\"_blank\" rel=\"noreferrer noopener\"><strong><em>veg\u00ebz<\/em><\/strong>.<\/a><\/p>\n\n\n\n<p><\/p>\n","protected":false},"excerpt":{"rendered":"<p>Mir\u00eb se vini! Interesimi juaj p\u00ebr t\u2019u bashkuar me QIKA na g\u00ebzon tej mase \ud83d\ude0a Ne jemi gjithmon\u00eb n\u00eb k\u00ebrkim t\u00eb vajzave dhe djemve q\u00eb d\u00ebshirojn\u00eb t\u00eb angazhohen dhe ndihmojn\u00eb nism\u00ebn ton\u00eb feministe. Kreativiteti dhe energjia juaj do t\u00eb jen\u00eb pik\u00eb thelb\u00ebsore dhe e q\u00ebndrueshme e pun\u00ebs son\u00eb. N\u00ebse keni d\u00ebshir\u00eb t\u00eb bashk\u00ebpunoni me ne, [&hellip;]<\/p>\n","protected":false},"author":2,"featured_media":0,"parent":0,"menu_order":0,"comment_status":"closed","ping_status":"closed","template":"bashkohu.php","meta":{"_acf_changed":false,"inline_featured_image":false,"footnotes":""},"class_list":["post-6858","page","type-page","status-publish","hentry"],"acf":[],"yoast_head":"<!-- This site is optimized with the Yoast SEO plugin v23.5 - https:\/\/yoast.com\/wordpress\/plugins\/seo\/ -->\n<title>Bashkohu me qika - QIKA<\/title>\n<meta name=\"robots\" content=\"index, follow, max-snippet:-1, max-image-preview:large, max-video-preview:-1\" \/>\n<link rel=\"canonical\" href=\"https:\/\/qika.org\/en\/bashkohu-me-qika\/\" \/>\n<meta property=\"og:locale\" content=\"en_US\" \/>\n<meta property=\"og:type\" content=\"article\" \/>\n<meta property=\"og:title\" content=\"Bashkohu me qika - QIKA\" \/>\n<meta property=\"og:description\" content=\"Mir\u00eb se vini! Interesimi juaj p\u00ebr t\u2019u bashkuar me QIKA na g\u00ebzon tej mase \ud83d\ude0a Ne jemi gjithmon\u00eb n\u00eb k\u00ebrkim t\u00eb vajzave dhe djemve q\u00eb d\u00ebshirojn\u00eb t\u00eb angazhohen dhe ndihmojn\u00eb nism\u00ebn ton\u00eb feministe. Kreativiteti dhe energjia juaj do t\u00eb jen\u00eb pik\u00eb thelb\u00ebsore dhe e q\u00ebndrueshme e pun\u00ebs son\u00eb. N\u00ebse keni d\u00ebshir\u00eb t\u00eb bashk\u00ebpunoni me ne, [&hellip;]\" \/>\n<meta property=\"og:url\" content=\"https:\/\/qika.org\/en\/bashkohu-me-qika\/\" \/>\n<meta property=\"og:site_name\" content=\"QIKA\" \/>\n<meta property=\"og:image\" content=\"https:\/\/qika.org\/wp-content\/uploads\/2021\/02\/qika-logo-1.jpg\" \/>\n\t<meta property=\"og:image:width\" content=\"568\" \/>\n\t<meta property=\"og:image:height\" content=\"440\" \/>\n\t<meta property=\"og:image:type\" content=\"image\/jpeg\" \/>\n<meta name=\"twitter:card\" content=\"summary_large_image\" \/>\n<meta name=\"twitter:label1\" content=\"Est. reading time\" \/>\n\t<meta name=\"twitter:data1\" content=\"2 minutes\" \/>\n<script type=\"application\/ld+json\" class=\"yoast-schema-graph\">{\"@context\":\"https:\/\/schema.org\",\"@graph\":[{\"@type\":\"WebPage\",\"@id\":\"https:\/\/qika.org\/en\/bashkohu-me-qika\/\",\"url\":\"https:\/\/qika.org\/en\/bashkohu-me-qika\/\",\"name\":\"Bashkohu me qika - QIKA\",\"isPartOf\":{\"@id\":\"https:\/\/qika.org\/#website\"},\"datePublished\":\"2021-03-22T23:14:52+00:00\",\"dateModified\":\"2021-03-22T23:14:52+00:00\",\"breadcrumb\":{\"@id\":\"https:\/\/qika.org\/en\/bashkohu-me-qika\/#breadcrumb\"},\"inLanguage\":\"en-US\",\"potentialAction\":[{\"@type\":\"ReadAction\",\"target\":[\"https:\/\/qika.org\/en\/bashkohu-me-qika\/\"]}]},{\"@type\":\"BreadcrumbList\",\"@id\":\"https:\/\/qika.org\/en\/bashkohu-me-qika\/#breadcrumb\",\"itemListElement\":[{\"@type\":\"ListItem\",\"position\":1,\"name\":\"Home\",\"item\":\"https:\/\/qika.org\/en\/\"},{\"@type\":\"ListItem\",\"position\":2,\"name\":\"Bashkohu me qika\"}]},{\"@type\":\"WebSite\",\"@id\":\"https:\/\/qika.org\/#website\",\"url\":\"https:\/\/qika.org\/\",\"name\":\"QIKA\",\"description\":\"Qendra p\u00ebr Informim, Kritik\u00eb dhe Aksion\",\"potentialAction\":[{\"@type\":\"SearchAction\",\"target\":{\"@type\":\"EntryPoint\",\"urlTemplate\":\"https:\/\/qika.org\/?s={search_term_string}\"},\"query-input\":{\"@type\":\"PropertyValueSpecification\",\"valueRequired\":true,\"valueName\":\"search_term_string\"}}],\"inLanguage\":\"en-US\"}]}<\/script>\n<!-- \/ Yoast SEO plugin. -->","yoast_head_json":{"title":"Bashkohu me qika - QIKA","robots":{"index":"index","follow":"follow","max-snippet":"max-snippet:-1","max-image-preview":"max-image-preview:large","max-video-preview":"max-video-preview:-1"},"canonical":"https:\/\/qika.org\/en\/bashkohu-me-qika\/","og_locale":"en_US","og_type":"article","og_title":"Bashkohu me qika - QIKA","og_description":"Mir\u00eb se vini! Interesimi juaj p\u00ebr t\u2019u bashkuar me QIKA na g\u00ebzon tej mase \ud83d\ude0a Ne jemi gjithmon\u00eb n\u00eb k\u00ebrkim t\u00eb vajzave dhe djemve q\u00eb d\u00ebshirojn\u00eb t\u00eb angazhohen dhe ndihmojn\u00eb nism\u00ebn ton\u00eb feministe. Kreativiteti dhe energjia juaj do t\u00eb jen\u00eb pik\u00eb thelb\u00ebsore dhe e q\u00ebndrueshme e pun\u00ebs son\u00eb. N\u00ebse keni d\u00ebshir\u00eb t\u00eb bashk\u00ebpunoni me ne, [&hellip;]","og_url":"https:\/\/qika.org\/en\/bashkohu-me-qika\/","og_site_name":"QIKA","og_image":[{"width":568,"height":440,"url":"https:\/\/qika.org\/wp-content\/uploads\/2021\/02\/qika-logo-1.jpg","type":"image\/jpeg"}],"twitter_card":"summary_large_image","twitter_misc":{"Est. reading time":"2 minutes"},"schema":{"@context":"https:\/\/schema.org","@graph":[{"@type":"WebPage","@id":"https:\/\/qika.org\/en\/bashkohu-me-qika\/","url":"https:\/\/qika.org\/en\/bashkohu-me-qika\/","name":"Bashkohu me qika - QIKA","isPartOf":{"@id":"https:\/\/qika.org\/#website"},"datePublished":"2021-03-22T23:14:52+00:00","dateModified":"2021-03-22T23:14:52+00:00","breadcrumb":{"@id":"https:\/\/qika.org\/en\/bashkohu-me-qika\/#breadcrumb"},"inLanguage":"en-US","potentialAction":[{"@type":"ReadAction","target":["https:\/\/qika.org\/en\/bashkohu-me-qika\/"]}]},{"@type":"BreadcrumbList","@id":"https:\/\/qika.org\/en\/bashkohu-me-qika\/#breadcrumb","itemListElement":[{"@type":"ListItem","position":1,"name":"Home","item":"https:\/\/qika.org\/en\/"},{"@type":"ListItem","position":2,"name":"Bashkohu me qika"}]},{"@type":"WebSite","@id":"https:\/\/qika.org\/#website","url":"https:\/\/qika.org\/","name":"QIKA","description":"Qendra p\u00ebr Informim, Kritik\u00eb dhe Aksion","potentialAction":[{"@type":"SearchAction","target":{"@type":"EntryPoint","urlTemplate":"https:\/\/qika.org\/?s={search_term_string}"},"query-input":{"@type":"PropertyValueSpecification","valueRequired":true,"valueName":"search_term_string"}}],"inLanguage":"en-US"}]}},"_links":{"self":[{"href":"https:\/\/qika.org\/en\/wp-json\/wp\/v2\/pages\/6858","targetHints":{"allow":["GET"]}}],"collection":[{"href":"https:\/\/qika.org\/en\/wp-json\/wp\/v2\/pages"}],"about":[{"href":"https:\/\/qika.org\/en\/wp-json\/wp\/v2\/types\/page"}],"author":[{"embeddable":true,"href":"https:\/\/qika.org\/en\/wp-json\/wp\/v2\/users\/2"}],"replies":[{"embeddable":true,"href":"https:\/\/qika.org\/en\/wp-json\/wp\/v2\/comments?post=6858"}],"version-history":[{"count":0,"href":"https:\/\/qika.org\/en\/wp-json\/wp\/v2\/pages\/6858\/revisions"}],"wp:attachment":[{"href":"https:\/\/qika.org\/en\/wp-json\/wp\/v2\/media?parent=6858"}],"curies":[{"name":"wp","href":"https:\/\/api.w.org\/{rel}","templated":true}]}}